{"id":364,"date":"2016-08-24T06:26:08","date_gmt":"2016-08-24T04:26:08","guid":{"rendered":"https:\/\/brunovincent.net\/thaiexpress\/?page_id=364"},"modified":"2023-11-01T06:04:59","modified_gmt":"2023-11-01T05:04:59","slug":"image-index-2","status":"publish","type":"page","link":"https:\/\/brunovincent.net\/thaiexpress\/","title":{"rendered":"Acceuil"},"content":{"rendered":"\t\t<div data-elementor-type=\"wp-page\" data-elementor-id=\"364\" class=\"elementor elementor-364\">\n\t\t\t\t\t\t<section class=\"elementor-section elementor-top-section elementor-element elementor-element-f54f322 elementor-section-height-min-height elementor-section-stretched elementor-section-boxed elementor-section-height-default elementor-section-items-middle\" data-id=\"f54f322\" data-element_type=\"section\" data-e-type=\"section\" data-settings=\"{&quot;background_background&quot;:&quot;classic&quot;,&quot;stretch_section&quot;:&quot;section-stretched&quot;}\">\n\t\t\t\t\t\t\t<div class=\"elementor-background-overlay\"><\/div>\n\t\t\t\t\t\t\t<div class=\"elementor-container elementor-column-gap-default\">\n\t\t\t\t\t<div class=\"elementor-column elementor-col-100 elementor-top-column elementor-element elementor-element-fb54ff2\" data-id=\"fb54ff2\" data-element_type=\"column\" data-e-type=\"column\">\n\t\t\t<div class=\"elementor-widget-wrap elementor-element-populated\">\n\t\t\t\t\t\t<div class=\"elementor-element elementor-element-0e03af5 elementor-widget elementor-widget-heading\" data-id=\"0e03af5\" data-element_type=\"widget\" data-e-type=\"widget\" data-widget_type=\"heading.default\">\n\t\t\t\t<div class=\"elementor-widget-container\">\n\t\t\t\t\t<h2 class=\"elementor-heading-title elementor-size-default\"><span style=\"font-weight:bold\">Kanya Thammachat <\/span><span> vous propose son nouveau concept \u00e0 Vincennes<span><\/h2>\t\t\t\t<\/div>\n\t\t\t\t<\/div>\n\t\t\t\t\t<\/div>\n\t\t<\/div>\n\t\t\t\t\t<\/div>\n\t\t<\/section>\n\t\t\t\t<section class=\"elementor-section elementor-top-section elementor-element elementor-element-e645b88 elementor-section-full_width elementor-section-stretched elementor-section-height-default elementor-section-height-default\" data-id=\"e645b88\" data-element_type=\"section\" data-e-type=\"section\" data-settings=\"{&quot;stretch_section&quot;:&quot;section-stretched&quot;}\">\n\t\t\t\t\t\t<div class=\"elementor-container elementor-column-gap-wider\">\n\t\t\t\t\t<div class=\"elementor-column elementor-col-50 elementor-top-column elementor-element elementor-element-5cafcc1\" data-id=\"5cafcc1\" data-element_type=\"column\" data-e-type=\"column\" data-settings=\"{&quot;background_background&quot;:&quot;classic&quot;}\">\n\t\t\t<div class=\"elementor-widget-wrap elementor-element-populated\">\n\t\t\t\t\t\t<div class=\"elementor-element elementor-element-ee0d84d elementor-widget elementor-widget-image\" data-id=\"ee0d84d\" data-element_type=\"widget\" data-e-type=\"widget\" data-widget_type=\"image.default\">\n\t\t\t\t<div class=\"elementor-widget-container\">\n\t\t\t\t\t\t\t\t\t\t\t\t\t\t\t<img fetchpriority=\"high\" decoding=\"async\" width=\"1200\" height=\"800\" src=\"https:\/\/brunovincent.net\/thaiexpress\/wp-content\/uploads\/2020\/05\/Pad-Thai.jpg\" class=\"attachment-2048x2048 size-2048x2048 wp-image-732\" alt=\"\" srcset=\"https:\/\/brunovincent.net\/thaiexpress\/wp-content\/uploads\/2020\/05\/Pad-Thai.jpg 1200w, https:\/\/brunovincent.net\/thaiexpress\/wp-content\/uploads\/2020\/05\/Pad-Thai-570x380.jpg 570w\" sizes=\"(max-width: 1200px) 100vw, 1200px\" \/>\t\t\t\t\t\t\t\t\t\t\t\t\t\t\t<\/div>\n\t\t\t\t<\/div>\n\t\t\t\t\t<\/div>\n\t\t<\/div>\n\t\t\t\t<div class=\"elementor-column elementor-col-50 elementor-top-column elementor-element elementor-element-3edfece\" data-id=\"3edfece\" data-element_type=\"column\" data-e-type=\"column\" data-settings=\"{&quot;background_background&quot;:&quot;classic&quot;}\">\n\t\t\t<div class=\"elementor-widget-wrap elementor-element-populated\">\n\t\t\t\t\t\t<section class=\"elementor-section elementor-inner-section elementor-element elementor-element-75ed00e elementor-section-boxed elementor-section-height-default elementor-section-height-default\" data-id=\"75ed00e\" data-element_type=\"section\" data-e-type=\"section\">\n\t\t\t\t\t\t<div class=\"elementor-container elementor-column-gap-default\">\n\t\t\t\t\t<div class=\"elementor-column elementor-col-100 elementor-inner-column elementor-element elementor-element-f811b3b\" data-id=\"f811b3b\" data-element_type=\"column\" data-e-type=\"column\">\n\t\t\t<div class=\"elementor-widget-wrap elementor-element-populated\">\n\t\t\t\t\t\t<div class=\"elementor-element elementor-element-286b175 elementor-widget elementor-widget-heading\" data-id=\"286b175\" data-element_type=\"widget\" data-e-type=\"widget\" data-widget_type=\"heading.default\">\n\t\t\t\t<div class=\"elementor-widget-container\">\n\t\t\t\t\t<h1 class=\"elementor-heading-title elementor-size-default\">Bienvenue<\/h1>\t\t\t\t<\/div>\n\t\t\t\t<\/div>\n\t\t\t\t<div class=\"elementor-element elementor-element-bca86d9 elementor-widget elementor-widget-text-editor\" data-id=\"bca86d9\" data-element_type=\"widget\" data-e-type=\"widget\" data-widget_type=\"text-editor.default\">\n\t\t\t\t<div class=\"elementor-widget-container\">\n\t\t\t\t\t\t\t\t\t<p>Apr\u00e8s 15 ans d\u2019exp\u00e9rience dans l\u2019un des plus grands restaurants de Bangkok, le \u00ab Steak Lao \u00bb, elle d\u00e9cide de vous faire partager le fruit d\u2019une tradition mill\u00e9naire, reflet du style de vie et de la culture tha\u00eflandaise. Tous nos plats sont livr\u00e9s dans un packaging adapt\u00e9 permettant de conserver les aliments au chaud pendant 45 minutes. au chaud pendant 45 minutes. fourchette et cuill\u00e8re. N\u00e9anmoins, nous vous fournissons un kit complet fourchette, couteau, cuill\u00e8re et baguettes.<\/p>\t\t\t\t\t\t\t\t<\/div>\n\t\t\t\t<\/div>\n\t\t\t\t\t<\/div>\n\t\t<\/div>\n\t\t\t\t\t<\/div>\n\t\t<\/section>\n\t\t\t\t\t<\/div>\n\t\t<\/div>\n\t\t\t\t\t<\/div>\n\t\t<\/section>\n\t\t\t\t<section class=\"elementor-section elementor-top-section elementor-element elementor-element-57e7e02 elementor-section-full_width elementor-reverse-mobile elementor-section-stretched elementor-section-height-default elementor-section-height-default\" data-id=\"57e7e02\" data-element_type=\"section\" data-e-type=\"section\" data-settings=\"{&quot;stretch_section&quot;:&quot;section-stretched&quot;}\">\n\t\t\t\t\t\t<div class=\"elementor-container elementor-column-gap-wider\">\n\t\t\t\t\t<div class=\"elementor-column elementor-col-50 elementor-top-column elementor-element elementor-element-c3bdec1\" data-id=\"c3bdec1\" data-element_type=\"column\" data-e-type=\"column\" data-settings=\"{&quot;background_background&quot;:&quot;classic&quot;}\">\n\t\t\t<div class=\"elementor-widget-wrap elementor-element-populated\">\n\t\t\t\t\t\t<section class=\"elementor-section elementor-inner-section elementor-element elementor-element-1b1d6e1 elementor-reverse-mobile elementor-section-boxed elementor-section-height-default elementor-section-height-default\" data-id=\"1b1d6e1\" data-element_type=\"section\" data-e-type=\"section\">\n\t\t\t\t\t\t<div class=\"elementor-container elementor-column-gap-default\">\n\t\t\t\t\t<div class=\"elementor-column elementor-col-100 elementor-inner-column elementor-element elementor-element-4086ebf\" data-id=\"4086ebf\" data-element_type=\"column\" data-e-type=\"column\">\n\t\t\t<div class=\"elementor-widget-wrap elementor-element-populated\">\n\t\t\t\t\t\t<div class=\"elementor-element elementor-element-e5848d8 elementor-widget elementor-widget-heading\" data-id=\"e5848d8\" data-element_type=\"widget\" data-e-type=\"widget\" data-widget_type=\"heading.default\">\n\t\t\t\t<div class=\"elementor-widget-container\">\n\t\t\t\t\t<h1 class=\"elementor-heading-title elementor-size-default\">Livraison Bureau\/Domicile<\/h1>\t\t\t\t<\/div>\n\t\t\t\t<\/div>\n\t\t\t\t<div class=\"elementor-element elementor-element-1c0fb78 elementor-widget elementor-widget-text-editor\" data-id=\"1c0fb78\" data-element_type=\"widget\" data-e-type=\"widget\" data-widget_type=\"text-editor.default\">\n\t\t\t\t<div class=\"elementor-widget-container\">\n\t\t\t\t\t\t\t\t\t<p>Tous nos plats sont accompagn\u00e9s de riz tha\u00ef nature. Nous veillons avec passion \u00e0 la qualit\u00e9 des produits en vous offrant des repas savoureux et \u00e9quilibr\u00e9s, cuisin\u00e9s chaque jour. Passez votre commande lunch sp\u00e9cial brochettes pour une livraison d\u00e8s le lendemain.<\/p><p>(A commander la veille avant 18h, entr\u00e9es et desserts des menus 1 et 2 disponibles sur cette commande, entr\u00e9es 3\u20ac50, desserts 3\u20ac00).<\/p>\t\t\t\t\t\t\t\t<\/div>\n\t\t\t\t<\/div>\n\t\t\t\t\t<\/div>\n\t\t<\/div>\n\t\t\t\t\t<\/div>\n\t\t<\/section>\n\t\t\t\t\t<\/div>\n\t\t<\/div>\n\t\t\t\t<div class=\"elementor-column elementor-col-50 elementor-top-column elementor-element elementor-element-dea1e4e\" data-id=\"dea1e4e\" data-element_type=\"column\" data-e-type=\"column\" data-settings=\"{&quot;background_background&quot;:&quot;classic&quot;}\">\n\t\t\t<div class=\"elementor-widget-wrap elementor-element-populated\">\n\t\t\t\t\t\t<div class=\"elementor-element elementor-element-16a83d9 elementor-widget elementor-widget-image\" data-id=\"16a83d9\" data-element_type=\"widget\" data-e-type=\"widget\" data-widget_type=\"image.default\">\n\t\t\t\t<div class=\"elementor-widget-container\">\n\t\t\t\t\t\t\t\t\t\t\t\t\t\t\t<img decoding=\"async\" width=\"1200\" height=\"800\" src=\"https:\/\/brunovincent.net\/thaiexpress\/wp-content\/uploads\/2020\/05\/Fried-Rice-1.jpg\" class=\"attachment-2048x2048 size-2048x2048 wp-image-733\" alt=\"\" srcset=\"https:\/\/brunovincent.net\/thaiexpress\/wp-content\/uploads\/2020\/05\/Fried-Rice-1.jpg 1200w, https:\/\/brunovincent.net\/thaiexpress\/wp-content\/uploads\/2020\/05\/Fried-Rice-1-570x380.jpg 570w\" sizes=\"(max-width: 1200px) 100vw, 1200px\" \/>\t\t\t\t\t\t\t\t\t\t\t\t\t\t\t<\/div>\n\t\t\t\t<\/div>\n\t\t\t\t\t<\/div>\n\t\t<\/div>\n\t\t\t\t\t<\/div>\n\t\t<\/section>\n\t\t\t\t<section class=\"elementor-section elementor-top-section elementor-element elementor-element-52ca5ff elementor-section-full_width elementor-section-height-default elementor-section-height-default\" data-id=\"52ca5ff\" data-element_type=\"section\" data-e-type=\"section\" data-settings=\"{&quot;background_background&quot;:&quot;classic&quot;}\">\n\t\t\t\t\t\t<div class=\"elementor-container elementor-column-gap-default\">\n\t\t\t\t\t<div class=\"elementor-column elementor-col-100 elementor-top-column elementor-element elementor-element-0dbea1d\" data-id=\"0dbea1d\" data-element_type=\"column\" data-e-type=\"column\">\n\t\t\t<div class=\"elementor-widget-wrap elementor-element-populated\">\n\t\t\t\t\t\t<div class=\"elementor-element elementor-element-de724f0 elementor-widget elementor-widget-google_maps\" data-id=\"de724f0\" data-element_type=\"widget\" data-e-type=\"widget\" data-widget_type=\"google_maps.default\">\n\t\t\t\t<div class=\"elementor-widget-container\">\n\t\t\t\t\t\t\t<div class=\"elementor-custom-embed\">\n\t\t\t<iframe loading=\"lazy\"\n\t\t\t\t\tsrc=\"https:\/\/maps.google.com\/maps?q=20%20Avenue%20des%20Murs-du-Parc%2C%2094300%20&#038;t=m&#038;z=13&#038;output=embed&#038;iwloc=near\"\n\t\t\t\t\ttitle=\"20 Avenue des Murs-du-Parc, 94300 \"\n\t\t\t\t\taria-label=\"20 Avenue des Murs-du-Parc, 94300 \"\n\t\t\t><\/iframe>\n\t\t<\/div>\n\t\t\t\t\t\t<\/div>\n\t\t\t\t<\/div>\n\t\t\t\t\t<\/div>\n\t\t<\/div>\n\t\t\t\t\t<\/div>\n\t\t<\/section>\n\t\t\t\t<\/div>\n\t\t","protected":false},"excerpt":{"rendered":"<p>Kanya Thammachat vous propose son nouveau concept \u00e0 Vincennes Bienvenue Apr\u00e8s 15 ans d\u2019exp\u00e9rience dans l\u2019un des plus grands restaurants de Bangkok, le \u00ab Steak Lao \u00bb, elle d\u00e9cide de vous faire partager le fruit d\u2019une tradition mill\u00e9naire, reflet du style de vie et de la culture tha\u00eflandaise. Tous nos plats sont livr\u00e9s dans un &#8230; <a title=\"Acceuil\" class=\"read-more\" href=\"https:\/\/brunovincent.net\/thaiexpress\/\" aria-label=\"Read more about Acceuil\">Read more<\/a><\/p>\n","protected":false},"author":1,"featured_media":0,"parent":0,"menu_order":0,"comment_status":"closed","ping_status":"closed","template":"elementor_header_footer","meta":{"inline_featured_image":false,"footnotes":""},"class_list":["post-364","page","type-page","status-publish"],"_links":{"self":[{"href":"https:\/\/brunovincent.net\/thaiexpress\/index.php?rest_route=\/wp\/v2\/pages\/364","targetHints":{"allow":["GET"]}}],"collection":[{"href":"https:\/\/brunovincent.net\/thaiexpress\/index.php?rest_route=\/wp\/v2\/pages"}],"about":[{"href":"https:\/\/brunovincent.net\/thaiexpress\/index.php?rest_route=\/wp\/v2\/types\/page"}],"author":[{"embeddable":true,"href":"https:\/\/brunovincent.net\/thaiexpress\/index.php?rest_route=\/wp\/v2\/users\/1"}],"replies":[{"embeddable":true,"href":"https:\/\/brunovincent.net\/thaiexpress\/index.php?rest_route=%2Fwp%2Fv2%2Fcomments&post=364"}],"version-history":[{"count":184,"href":"https:\/\/brunovincent.net\/thaiexpress\/index.php?rest_route=\/wp\/v2\/pages\/364\/revisions"}],"predecessor-version":[{"id":926,"href":"https:\/\/brunovincent.net\/thaiexpress\/index.php?rest_route=\/wp\/v2\/pages\/364\/revisions\/926"}],"wp:attachment":[{"href":"https:\/\/brunovincent.net\/thaiexpress\/index.php?rest_route=%2Fwp%2Fv2%2Fmedia&parent=364"}],"curies":[{"name":"wp","href":"https:\/\/api.w.org\/{rel}","templated":true}]}}