{"id":180,"date":"2016-08-22T11:19:30","date_gmt":"2016-08-22T09:19:30","guid":{"rendered":"https:\/\/brunovincent.net\/thaiexpress\/?post_type=product&#038;p=180"},"modified":"2020-04-26T02:39:42","modified_gmt":"2020-04-26T00:39:42","slug":"brochettes","status":"publish","type":"product","link":"https:\/\/brunovincent.net\/thaiexpress\/?product=brochettes","title":{"rendered":"Brochettes Si Saket"},"content":{"rendered":"","protected":false},"excerpt":{"rendered":"<h2>Sp\u00e9cialit\u00e9 du nord-est de la Tha\u00eflande<\/h2>\n<p>Tous nos plats sont accompagn\u00e9s de riz nature. Nous veillons avec passion \u00e0 la qualit\u00e9 des produits en vous offrant des repas savoureux et \u00e9quilibr\u00e9s, cuisin\u00e9s chaque jour. Passez votre commande lunch sp\u00e9cial brochettes pour une livraison d\u00e8s le lendemain. (A commander la veille avant 18h, entr\u00e9es et desserts des menus 1 et 2 disponibles sur cette commande, entr\u00e9es 3,50\u20ac, desserts 3,00\u20ac)<\/p>\n<h3>Besoin d&#8217;un Lunch Sp\u00e9cial Brochettes pour Demain?<\/h3>\n<p>Laissez-vous guider parmi nos propositions et votre bo\u00eete \u00e0 lunch vous sera livr\u00e9e \u00e0 domicile ou au bureau \u00e0 l\u2019heure de votre choix.<\/p>\n","protected":false},"featured_media":390,"comment_status":"closed","ping_status":"closed","template":"","meta":{"inline_featured_image":false},"product_brand":[],"product_cat":[9],"product_tag":[],"class_list":{"0":"post-180","1":"product","2":"type-product","3":"status-publish","4":"has-post-thumbnail","6":"product_cat-entree","7":"sales-flash-overlay","8":"woocommerce-text-align-center","9":"woocommerce-image-align-center","10":"do-quantity-buttons","12":"first","13":"outofstock","14":"shipping-taxable","15":"purchasable","16":"product-type-variable","17":"has-default-attributes"},"_links":{"self":[{"href":"https:\/\/brunovincent.net\/thaiexpress\/index.php?rest_route=\/wp\/v2\/product\/180","targetHints":{"allow":["GET"]}}],"collection":[{"href":"https:\/\/brunovincent.net\/thaiexpress\/index.php?rest_route=\/wp\/v2\/product"}],"about":[{"href":"https:\/\/brunovincent.net\/thaiexpress\/index.php?rest_route=\/wp\/v2\/types\/product"}],"replies":[{"embeddable":true,"href":"https:\/\/brunovincent.net\/thaiexpress\/index.php?rest_route=%2Fwp%2Fv2%2Fcomments&post=180"}],"version-history":[{"count":6,"href":"https:\/\/brunovincent.net\/thaiexpress\/index.php?rest_route=\/wp\/v2\/product\/180\/revisions"}],"predecessor-version":[{"id":605,"href":"https:\/\/brunovincent.net\/thaiexpress\/index.php?rest_route=\/wp\/v2\/product\/180\/revisions\/605"}],"wp:featuredmedia":[{"embeddable":true,"href":"https:\/\/brunovincent.net\/thaiexpress\/index.php?rest_route=\/wp\/v2\/media\/390"}],"wp:attachment":[{"href":"https:\/\/brunovincent.net\/thaiexpress\/index.php?rest_route=%2Fwp%2Fv2%2Fmedia&parent=180"}],"wp:term":[{"taxonomy":"product_brand","embeddable":true,"href":"https:\/\/brunovincent.net\/thaiexpress\/index.php?rest_route=%2Fwp%2Fv2%2Fproduct_brand&post=180"},{"taxonomy":"product_cat","embeddable":true,"href":"https:\/\/brunovincent.net\/thaiexpress\/index.php?rest_route=%2Fwp%2Fv2%2Fproduct_cat&post=180"},{"taxonomy":"product_tag","embeddable":true,"href":"https:\/\/brunovincent.net\/thaiexpress\/index.php?rest_route=%2Fwp%2Fv2%2Fproduct_tag&post=180"}],"curies":[{"name":"wp","href":"https:\/\/api.w.org\/{rel}","templated":true}]}}